{"id":2,"date":"2025-10-23T16:27:16","date_gmt":"2025-10-23T16:27:16","guid":{"rendered":"https:\/\/www.aalreklame.dk\/?page_id=2"},"modified":"2026-03-11T19:47:50","modified_gmt":"2026-03-11T19:47:50","slug":"sample-page","status":"publish","type":"page","link":"https:\/\/www.aalreklame.dk\/","title":{"rendered":"Forside"},"content":{"rendered":"\t\t<div data-elementor-type=\"wp-page\" data-elementor-id=\"2\" class=\"elementor elementor-2\">\n\t\t\t\t<div class=\"elementor-element elementor-element-1124ada e-flex e-con-boxed e-con e-parent\" data-id=\"1124ada\" data-element_type=\"container\" data-e-type=\"container\">\n\t\t\t\t\t<div class=\"e-con-inner\">\n\t\t<div class=\"elementor-element elementor-element-a7f9ff6 e-con-full e-flex e-con e-child\" data-id=\"a7f9ff6\" data-element_type=\"container\" data-e-type=\"container\">\n\t\t\t\t<div class=\"elementor-element elementor-element-46b1576 elementor-widget elementor-widget-heading\" data-id=\"46b1576\" data-element_type=\"widget\" data-e-type=\"widget\" data-widget_type=\"heading.default\">\n\t\t\t\t\t<h2 class=\"elementor-heading-title elementor-size-default\">Digitale reklamer og animationer til sk\u00e6rme<\/h2>\t\t\t\t<\/div>\n\t\t\t\t<div class=\"elementor-element elementor-element-666affe elementor-widget elementor-widget-text-editor\" data-id=\"666affe\" data-element_type=\"widget\" data-e-type=\"widget\" data-widget_type=\"text-editor.default\">\n\t\t\t\t\t\t\t\t\t<p data-start=\"422\" data-end=\"645\">Vi producerer <strong data-start=\"436\" data-end=\"501\">digitale reklamebilleder og animationer til alle typer sk\u00e6rme<\/strong>.<br data-start=\"502\" data-end=\"505\" \/>Fra <strong data-start=\"509\" data-end=\"576\">bandereklamer og LED-bander til storsk\u00e6rme og digitale displays<\/strong> leverer vi reklameindhold, der er optimeret til synlighed og format.<\/p><p data-start=\"647\" data-end=\"829\">Vores virksomhed ligger centralt i Aalborg, og vi hj\u00e6lper virksomheder, sportsklubber og organisationer med <strong data-start=\"755\" data-end=\"791\">professionelle digitale reklamer<\/strong>, der fungerer p\u00e5 moderne sk\u00e6rmmedier.<\/p><p data-start=\"831\" data-end=\"992\">Uanset om du har brug for <strong data-start=\"857\" data-end=\"901\">statisk reklame eller animerede reklamer<\/strong>, s\u00f8rger vi for en l\u00f8sning, der passer til den sk\u00e6rm og det system, reklamen skal vises p\u00e5.<\/p>\t\t\t\t\t\t\t\t<\/div>\n\t\t\t\t<div class=\"elementor-element elementor-element-3f8e18c elementor-widget elementor-widget-heading\" data-id=\"3f8e18c\" data-element_type=\"widget\" data-e-type=\"widget\" data-widget_type=\"heading.default\">\n\t\t\t\t\t<h2 class=\"elementor-heading-title elementor-size-default\">Produktion af digitale reklamebannere<\/h2>\t\t\t\t<\/div>\n\t\t\t\t<div class=\"elementor-element elementor-element-6322c11 elementor-widget elementor-widget-text-editor\" data-id=\"6322c11\" data-element_type=\"widget\" data-e-type=\"widget\" data-widget_type=\"text-editor.default\">\n\t\t\t\t\t\t\t\t\t<p data-start=\"1040\" data-end=\"1262\">Digitale sk\u00e6rme kr\u00e6ver reklamer, der er designet til det rigtige format og den rigtige visningstid.<br data-start=\"1139\" data-end=\"1142\" \/>Vi producerer <strong data-start=\"1156\" data-end=\"1201\">digitale reklamebannere i alle st\u00f8rrelser<\/strong>, s\u00e5 de passer pr\u00e6cist til den platform, hvor de skal bruges.<\/p><p data-start=\"1040\" data-end=\"1262\">Vi designer blandt andet:<\/p><ul><li>reklamer til LED-bander<\/li><li data-start=\"1321\" data-end=\"1366\">bandereklamer til sportshaller og stadioner<\/li><li data-start=\"1369\" data-end=\"1394\">reklamer til storsk\u00e6rme<\/li><li data-start=\"1397\" data-end=\"1434\">reklamer til digitale reklamesk\u00e6rme<\/li><li data-start=\"1437\" data-end=\"1487\">reklamebilleder til displays og informationssk\u00e6rme<\/li><\/ul><p data-start=\"1489\" data-end=\"1589\">Alle reklamer leveres i <strong data-start=\"1513\" data-end=\"1552\">de korrekte formater og opl\u00f8sninger<\/strong>, s\u00e5 de fungerer optimalt p\u00e5 sk\u00e6rmen.<\/p>\t\t\t\t\t\t\t\t<\/div>\n\t\t\t\t<div class=\"elementor-element elementor-element-f5f5fb6 elementor-widget elementor-widget-heading\" data-id=\"f5f5fb6\" data-element_type=\"widget\" data-e-type=\"widget\" data-widget_type=\"heading.default\">\n\t\t\t\t\t<h2 class=\"elementor-heading-title elementor-size-default\">Animation til bandereklamer og storsk\u00e6rme<\/h2>\t\t\t\t<\/div>\n\t\t\t\t<div class=\"elementor-element elementor-element-d5bde28 elementor-widget elementor-widget-text-editor\" data-id=\"d5bde28\" data-element_type=\"widget\" data-e-type=\"widget\" data-widget_type=\"text-editor.default\">\n\t\t\t\t\t\t\t\t\t<p data-start=\"1641\" data-end=\"1806\">Animerede reklamer skaber markant mere opm\u00e6rksomhed end statiske billeder.<br data-start=\"1715\" data-end=\"1718\" \/>Derfor tilbyder vi <strong data-start=\"1737\" data-end=\"1805\">animationer til digitale reklamesk\u00e6rme, LED-bander og storsk\u00e6rme<\/strong>.<\/p><p data-start=\"1808\" data-end=\"1844\">Animationerne designes med fokus p\u00e5:<\/p><ul><li data-start=\"1848\" data-end=\"1866\">kort visningstid<\/li><li data-start=\"1869\" data-end=\"1887\">tydeligt budskab<\/li><li data-start=\"1890\" data-end=\"1905\">h\u00f8j synlighed<\/li><li data-start=\"1908\" data-end=\"1938\">korrekt hastighed og bev\u00e6gelse<\/li><\/ul><p data-start=\"1940\" data-end=\"2041\">Det betyder, at reklamen <strong data-start=\"1965\" data-end=\"2040\">er let at afl\u00e6se \u2013 ogs\u00e5 n\u00e5r den vises i f\u00e5 sekunder p\u00e5 en digital sk\u00e6rm<\/strong>.<\/p>\t\t\t\t\t\t\t\t<\/div>\n\t\t\t\t<div class=\"elementor-element elementor-element-417d555 elementor-widget elementor-widget-heading\" data-id=\"417d555\" data-element_type=\"widget\" data-e-type=\"widget\" data-widget_type=\"heading.default\">\n\t\t\t\t\t<h2 class=\"elementor-heading-title elementor-size-default\">Digitale reklamer i Aalborg<\/h2>\t\t\t\t<\/div>\n\t\t\t\t<div class=\"elementor-element elementor-element-195cc6d elementor-widget elementor-widget-text-editor\" data-id=\"195cc6d\" data-element_type=\"widget\" data-e-type=\"widget\" data-widget_type=\"text-editor.default\">\n\t\t\t\t\t\t\t\t\t<p data-start=\"2079\" data-end=\"2203\">Vores virksomhed er placeret centralt i Aalborg, hvorfra vi leverer <strong data-start=\"2147\" data-end=\"2202\">digitale reklamel\u00f8sninger til kunder i hele Danmark<\/strong>.<\/p><p data-start=\"2205\" data-end=\"2237\">Vi samarbejder med blandt andet:<\/p><ul><li data-start=\"2241\" data-end=\"2255\">virksomheder<\/li><li data-start=\"2258\" data-end=\"2273\">sportsklubber<\/li><li data-start=\"2276\" data-end=\"2295\">arenaer og haller<\/li><li data-start=\"2298\" data-end=\"2315\">reklamepartnere<\/li><li data-start=\"2318\" data-end=\"2333\">eventarrang\u00f8rer<\/li><\/ul><p data-start=\"2335\" data-end=\"2465\">Har du brug for <strong data-start=\"2351\" data-end=\"2422\">professionelle digitale reklamer til LED-sk\u00e6rme eller bandereklamer<\/strong>, hj\u00e6lper vi med b\u00e5de design og produktion.<\/p>\t\t\t\t\t\t\t\t<\/div>\n\t\t\t\t<\/div>\n\t\t<div class=\"elementor-element elementor-element-3313d90 e-con-full e-flex e-con e-child\" data-id=\"3313d90\" data-element_type=\"container\" data-e-type=\"container\">\n\t\t\t\t<div class=\"elementor-element elementor-element-244cb09 elementor-widget elementor-widget-image\" data-id=\"244cb09\" data-element_type=\"widget\" data-e-type=\"widget\" data-widget_type=\"image.default\">\n\t\t\t\t\t\t\t\t\t\t\t\t\t\t\t<img fetchpriority=\"high\" decoding=\"async\" width=\"400\" height=\"500\" src=\"https:\/\/www.aalreklame.dk\/wp-content\/uploads\/2025\/10\/Reklamebillede.png\" class=\"attachment-large size-large wp-image-15\" alt=\"\" srcset=\"https:\/\/www.aalreklame.dk\/wp-content\/uploads\/2025\/10\/Reklamebillede.png 400w, https:\/\/www.aalreklame.dk\/wp-content\/uploads\/2025\/10\/Reklamebillede-240x300.png 240w\" sizes=\"(max-width: 400px) 100vw, 400px\" \/>\t\t\t\t\t\t\t\t\t\t\t\t\t\t\t<\/div>\n\t\t\t\t<\/div>\n\t\t\t\t\t<\/div>\n\t\t\t\t<\/div>\n\t\t<div class=\"elementor-element elementor-element-4d1850d e-flex e-con-boxed e-con e-parent\" data-id=\"4d1850d\" data-element_type=\"container\" data-e-type=\"container\">\n\t\t\t\t\t<div class=\"e-con-inner\">\n\t\t<div class=\"elementor-element elementor-element-c3febd1 e-con-full e-flex e-con e-child\" data-id=\"c3febd1\" data-element_type=\"container\" data-e-type=\"container\">\n\t\t\t\t<div class=\"elementor-element elementor-element-d37b617 elementor-widget elementor-widget-heading\" data-id=\"d37b617\" data-element_type=\"widget\" data-e-type=\"widget\" data-widget_type=\"heading.default\">\n\t\t\t\t\t<h2 class=\"elementor-heading-title elementor-size-default\">F\u00e5 lavet digitale reklamer<\/h2>\t\t\t\t<\/div>\n\t\t\t\t<div class=\"elementor-element elementor-element-a5902c7 elementor-widget elementor-widget-text-editor\" data-id=\"a5902c7\" data-element_type=\"widget\" data-e-type=\"widget\" data-widget_type=\"text-editor.default\">\n\t\t\t\t\t\t\t\t\t<p data-start=\"2502\" data-end=\"2577\">Har du brug for reklame til en digital sk\u00e6rm, bandereklame eller storsk\u00e6rm?<\/p><p data-start=\"2579\" data-end=\"2695\">Kontakt os og f\u00e5 produceret <strong data-start=\"2607\" data-end=\"2652\">digitale reklamebannere eller animationer<\/strong>, der passer pr\u00e6cist til jeres sk\u00e6rmformat.<\/p><p data-start=\"2697\" data-end=\"2734\"><strong data-start=\"2697\" data-end=\"2734\">Kontakt os i dag og f\u00e5 et tilbud.<\/strong><\/p>\t\t\t\t\t\t\t\t<\/div>\n\t\t\t\t<\/div>\n\t\t<div class=\"elementor-element elementor-element-cdc58c3 e-con-full e-flex e-con e-child\" data-id=\"cdc58c3\" data-element_type=\"container\" data-e-type=\"container\">\n\t\t\t\t<div class=\"elementor-element elementor-element-d7537df elementor-widget elementor-widget-image\" data-id=\"d7537df\" data-element_type=\"widget\" data-e-type=\"widget\" data-widget_type=\"image.default\">\n\t\t\t\t\t\t\t\t\t\t\t\t\t\t\t<img decoding=\"async\" width=\"150\" height=\"150\" src=\"https:\/\/www.aalreklame.dk\/wp-content\/uploads\/2025\/10\/favicon-150x150.png\" class=\"attachment-thumbnail size-thumbnail wp-image-19\" alt=\"\" srcset=\"https:\/\/www.aalreklame.dk\/wp-content\/uploads\/2025\/10\/favicon-150x150.png 150w, https:\/\/www.aalreklame.dk\/wp-content\/uploads\/2025\/10\/favicon-300x300.png 300w, https:\/\/www.aalreklame.dk\/wp-content\/uploads\/2025\/10\/favicon.png 512w\" sizes=\"(max-width: 150px) 100vw, 150px\" \/>\t\t\t\t\t\t\t\t\t\t\t\t\t\t\t<\/div>\n\t\t\t\t<div class=\"elementor-element elementor-element-76d6f61 elementor-widget elementor-widget-text-editor\" data-id=\"76d6f61\" data-element_type=\"widget\" data-e-type=\"widget\" data-widget_type=\"text-editor.default\">\n\t\t\t\t\t\t\t\t\t<p style=\"text-align: center;\"><strong>Aalborg Reklame<\/strong><br \/><strong>DK-9000 Aalborg<\/strong><br \/><strong>Tel. 5335 4664<\/strong><br \/><strong>email: <a href=\"mailto:info@aalreklame.dk\">info@aalreklame.dk<\/a><\/strong><\/p>\t\t\t\t\t\t\t\t<\/div>\n\t\t\t\t<\/div>\n\t\t\t\t\t<\/div>\n\t\t\t\t<\/div>\n\t\t\t\t<\/div>\n\t\t","protected":false},"excerpt":{"rendered":"<p>Digitale reklamer og animationer til sk\u00e6rme Vi producerer digitale reklamebilleder og animationer til alle typer sk\u00e6rme.Fra bandereklamer og LED-bander til storsk\u00e6rme og digitale displays leverer vi reklameindhold, der er optimeret til synlighed og format. Vores virksomhed ligger centralt i Aalborg, og vi hj\u00e6lper virksomheder, sportsklubber og organisationer med professionelle digitale reklamer, der fungerer p\u00e5 moderne [&hellip;]<\/p>\n","protected":false},"author":1,"featured_media":0,"parent":0,"menu_order":0,"comment_status":"closed","ping_status":"open","template":"","meta":{"footnotes":""},"class_list":["post-2","page","type-page","status-publish","hentry"],"_links":{"self":[{"href":"https:\/\/www.aalreklame.dk\/index.php?rest_route=\/wp\/v2\/pages\/2","targetHints":{"allow":["GET"]}}],"collection":[{"href":"https:\/\/www.aalreklame.dk\/index.php?rest_route=\/wp\/v2\/pages"}],"about":[{"href":"https:\/\/www.aalreklame.dk\/index.php?rest_route=\/wp\/v2\/types\/page"}],"author":[{"embeddable":true,"href":"https:\/\/www.aalreklame.dk\/index.php?rest_route=\/wp\/v2\/users\/1"}],"replies":[{"embeddable":true,"href":"https:\/\/www.aalreklame.dk\/index.php?rest_route=%2Fwp%2Fv2%2Fcomments&post=2"}],"version-history":[{"count":13,"href":"https:\/\/www.aalreklame.dk\/index.php?rest_route=\/wp\/v2\/pages\/2\/revisions"}],"predecessor-version":[{"id":35,"href":"https:\/\/www.aalreklame.dk\/index.php?rest_route=\/wp\/v2\/pages\/2\/revisions\/35"}],"wp:attachment":[{"href":"https:\/\/www.aalreklame.dk\/index.php?rest_route=%2Fwp%2Fv2%2Fmedia&parent=2"}],"curies":[{"name":"wp","href":"https:\/\/api.w.org\/{rel}","templated":true}]}}